{"id":14,"date":"2022-08-03T03:57:44","date_gmt":"2022-08-03T03:57:44","guid":{"rendered":"https:\/\/scala.com.pe\/?page_id=14"},"modified":"2022-09-04T23:26:38","modified_gmt":"2022-09-04T23:26:38","slug":"devoluciones-y-reembolso","status":"publish","type":"page","link":"https:\/\/scala.com.pe\/index.php\/devoluciones-y-reembolso\/","title":{"rendered":"Devoluciones y Reembolso"},"content":{"rendered":"\n<p><\/p>\n\n\n\n<p><h3><b>CAMBIOS Y DEVOLUCIONES<\/b><\/h3><\/p>\n\n\n\n<p><p>Todo cambio o devoluci\u00f3n se realizar\u00e1 hasta 7 d\u00edas despu\u00e9s de la entrega del producto, siendo requisito indispensable que el producto, accesorios, empaques y manuales originales deben de estar en buen estado y sin se\u00f1ales de uso.<br><br>Todo cambio o devoluci\u00f3n se realizar\u00e1 hasta 7 d\u00edas despu\u00e9s de la entrega del producto, siempre que se trate de productos en mal estado, error en el env\u00edo de productos por parte de SCALA y por incumplimiento de plazos en el env\u00edo, siendo requisito indispensable que el producto, accesorios, empaques y manuales originales deben de estar en buen estado y sin se\u00f1ales de uso.<\/p>\n<p>En caso de aceptarse la devoluci\u00f3n el cliente tiene la potestad de solicitar el cambio del producto por otro id\u00e9ntico (esto sujeto a disponibilidad de stock), una nota de cr\u00e9dito o el extorno en la tarjeta de cr\u00e9dito por el valor de la compra. Los plazos de extorno dependen de la entidad emisora de la tarjeta de cr\u00e9dito y pueden tomar hasta 20 d\u00edas h\u00e1biles<\/p><\/p>\n\n\n\n<p><h2><b>REEMBOLSOS<\/b><\/h2>\n<p>Una vez que se reciba e inspeccione su devoluci\u00f3n, le enviaremos un correo electr\u00f3nico para notificarle que hemos recibido su art\u00edculo devuelto. Tambi\u00e9n le notificaremos la aprobaci\u00f3n o&nbsp;rechazo de su reembolso.<\/p>\n<p>Si se aprueba, se procesar\u00e1 su reembolso y se aplicar\u00e1 autom\u00e1ticamente un cr\u00e9dito a su tarjeta de cr\u00e9dito o m\u00e9todo de pago original, dentro de una cierta cantidad de d\u00edas.<\/p>\n<p>Para el caso de compras con Tarjetas de D\u00e9bito y\/o Cr\u00e9dito el extorno se efectuar\u00e1 a la misma tarjeta con la que se efectu\u00f3 la compra en los t\u00e9rminos y plazos determinados por la entidad emisora de la misma. Para el caso de compras con la opci\u00f3n Yape las devoluciones se realizar\u00e1n mediante transferencia y\/o cheque bancario no negociable con un plazo de hasta 10 d\u00edas h\u00e1biles.<\/p><\/p>\n\n\n\n<p><\/p>\n\n\n\n<p>&nbsp;<\/p>\n\n\n\n<p><h2><b>\u00bfNECESITAS AYUDA?<\/b><\/h2><\/p>\n\n\n\n<p>Cont\u00e1ctenos en atencionalcliente@scala.com.pe para preguntas relacionadas con reembolsos y devoluciones.<\/p>\n","protected":false},"excerpt":{"rendered":"<p>CAMBIOS Y DEVOLUCIONES Todo cambio o devoluci\u00f3n se realizar\u00e1 hasta 7 d\u00edas despu\u00e9s de la entrega del producto, siendo requisito indispensable que el producto, accesorios, empaques y manuales originales deben de estar en buen estado y sin se\u00f1ales de uso. Todo cambio o devoluci\u00f3n se realizar\u00e1 hasta 7 d\u00edas despu\u00e9s de la entrega del producto, [&hellip;]<\/p>\n","protected":false},"author":1,"featured_media":0,"parent":0,"menu_order":0,"comment_status":"closed","ping_status":"closed","template":"","meta":{"om_disable_all_campaigns":false,"_mi_skip_tracking":false,"footnotes":""},"_links":{"self":[{"href":"https:\/\/scala.com.pe\/index.php\/wp-json\/wp\/v2\/pages\/14"}],"collection":[{"href":"https:\/\/scala.com.pe\/index.php\/wp-json\/wp\/v2\/pages"}],"about":[{"href":"https:\/\/scala.com.pe\/index.php\/wp-json\/wp\/v2\/types\/page"}],"author":[{"embeddable":true,"href":"https:\/\/scala.com.pe\/index.php\/wp-json\/wp\/v2\/users\/1"}],"replies":[{"embeddable":true,"href":"https:\/\/scala.com.pe\/index.php\/wp-json\/wp\/v2\/comments?post=14"}],"version-history":[{"count":8,"href":"https:\/\/scala.com.pe\/index.php\/wp-json\/wp\/v2\/pages\/14\/revisions"}],"predecessor-version":[{"id":12288,"href":"https:\/\/scala.com.pe\/index.php\/wp-json\/wp\/v2\/pages\/14\/revisions\/12288"}],"wp:attachment":[{"href":"https:\/\/scala.com.pe\/index.php\/wp-json\/wp\/v2\/media?parent=14"}],"curies":[{"name":"wp","href":"https:\/\/api.w.org\/{rel}","templated":true}]}}