{"id":3,"date":"2022-08-03T02:01:48","date_gmt":"2022-08-03T02:01:48","guid":{"rendered":"https:\/\/scala.com.pe\/?page_id=3"},"modified":"2022-09-05T00:44:10","modified_gmt":"2022-09-05T00:44:10","slug":"privacidad-y-seguridad","status":"publish","type":"page","link":"https:\/\/scala.com.pe\/index.php\/privacidad-y-seguridad\/","title":{"rendered":"Privacidad y Seguridad"},"content":{"rendered":"<p><b>POL\u00cdTICA DE PRIVACIDAD<\/b><\/p>\n<p>Nuestra pol\u00edtica de privacidad describe como recogemos, guardamos o utilizamos la informaci\u00f3n que recabamos a trav\u00e9s de los diferentes servicios o p\u00e1ginas disponibles en este sitio. Es importante que entienda que informaci\u00f3n recogemos y como la utilizamos ya que el acceso a este sitio implica la aceptaci\u00f3n nuestra pol\u00edtica de privacidad.<\/p>\n<p><b>Informaci\u00f3n personal<\/b><\/p>\n<p>Cuando se registre en determinados servicios de www.scala.com.pe, se le solicitar\u00e1 que proporcione sus datos personales.<br \/>Los datos recopilados por Moda Express Group S.A.C.. pueden combinarse con datos obtenidos de otros servicios de Moda Express Group S.A.C. y de otras empresas.<br \/>A fin de ofrecerle una experiencia personalizada, www.scala.com.pe usa cookies y otras tecnolog\u00edas para realizar un seguimiento de sus interacciones con nuestros sitios y servicios.<\/p>\n<p><b>Datos requeridos al momento de registro y compra<\/b><\/p>\n<p>Tipo de Documento: es necesario que la persona se registre usando un documento de identificaci\u00f3n, DNI, Pasaporte, Carnet de Extranjer\u00eda ya que este datos ser\u00e1 utilizado para la identificaci\u00f3n del cliente, la emisi\u00f3n de la boleta y la comunicaci\u00f3n.<\/p>\n<p>N\u00famero de Documento: es necesario que el N\u00famero de Documento sea colocado de manera correcta ya que ser\u00e1 utilizado para la identificaci\u00f3n del cliente, la emisi\u00f3n de la boleta y la comunicaci\u00f3n. Si el n\u00famero ha sido ingresado de manera err\u00f3nea, favor ponerse en contacto con nuestro centro de atenci\u00f3n.<\/p>\n<p><b>Usos de la informaci\u00f3n<\/b><\/p>\n<p>Moda Express Group S.A.C. usar\u00e1 los datos recabados con la finalidad de proporcionarle los servicios que usted solicite. Puede que los servicios de Moda Express Group S.A.C. muestren anuncios publicitarios y contenidos personalizados.<br \/>Moda Express Group S.A.C. usar\u00e1 los datos concernientes al usuario con la finalidad de mantenerlo informado acerca de nuestros productos y servicios, as\u00ed como para enviarle invitaciones para realizar encuestas en relaci\u00f3n con nuestros servicios.<br \/>Moda Express Group S.A.C. no vender\u00e1, alquilar\u00e1 ni ceder\u00e1 sus listados de clientes a terceros. En ocasiones, como ayuda para poder prestar los servicios, Moda Express Group S.A.C. podr\u00e1 proporcionar parcialmente datos a otras empresas que act\u00faan en nombre de Scala, por ejemplo empresas encargadas del reparto de productos que usted adquiera en www.scala.com.pe<\/p>\n<p><b>Confidencialidad de la Contrase\u00f1a<\/b><\/p>\n<p>La Contrase\u00f1a con la que los Usuarios registrados en www.scala.com.pe usan para ingresar a nuestro sitio Web, debe ser mantenida por los mismos en absoluta reserva y confidencialidad y no debe ser suministrada bajo ninguna circunstancia a otras personas. Si un Usuario tiene la sospecha que otra persona conoce su contrase\u00f1a, deber\u00e1 modificarla a la brevedad, ya que el Usuario ser\u00e1 el \u00fanico responsable por todos los actos que se realicen utilizando su Usuario, para lo cual es indispensable haber ingresado la Contrase\u00f1a correspondiente.<\/p>\n<p><b>Cookies<\/b><\/p>\n<p>El acceso a este puede implicar la utilizaci\u00f3n de cookies. Las cookies son peque\u00f1as cantidades de informaci\u00f3n que se almacenan en el navegador utilizado por cada usuario para que el servidor recuerde cierta informaci\u00f3n que posteriormente pueda utilizar. Esta informaci\u00f3n permite identificarle a usted como un usuario concreto y permite guardar sus preferencias personales, as\u00ed como informaci\u00f3n t\u00e9cnica como puedan ser visitas o p\u00e1ginas concretas que visite.<br \/>Aquellos usuarios que no deseen recibir cookies o quieran ser informados antes de que se almacenen en su ordenador, pueden configurar su navegador a tal efecto.<\/p>\n<p>La mayor parte de los navegadores de hoy en d\u00eda permiten la gesti\u00f3n de las cookies de 3 formas diferentes:<\/p>\n<p>Las cookies no se aceptan nunca.<br \/>El navegador pregunta al usuario si se debe aceptar cada cookie.<br \/>Las cookies se aceptan siempre.<br \/>El navegador tambi\u00e9n puede incluir la posibilidad de especificar mejor qu\u00e9 cookies tienen que ser aceptadas y cu\u00e1les no. En concreto, el usuario puede normalmente aceptar alguna de las siguientes opciones: rechazar las cookies de determinados dominios; rechazar las cookies de terceros; aceptar cookies como no persistentes (se eliminan cuando el navegador se cierra); permitir al servidor crear cookies para un dominio diferente. Adem\u00e1s, los navegadores pueden tambi\u00e9n permitir a los usuarios ver y borrar cookies individualmente.<\/p>\n<p>Dispone de m\u00e1s informaci\u00f3n sobre las Cookies en: http:\/\/es.wikipedia.org\/wiki\/Cookie<\/p>\n<p><b>Web Beacons<\/b><\/p>\n<p>Este sitio puede albergar tambi\u00e9n web beacons (tambi\u00e9n conocidos por web bugs). Los web beacons suelen ser peque\u00f1as im\u00e1genes de un pixel por un pixel, visibles o invisibles colocados dentro del c\u00f3digo fuente de las p\u00e1ginas web de un sitio. Los Web beacons sirven y se utilizan de una forma similar a las cookies. Adem\u00e1s, los web beacons suelen utilizarse para medir el tr\u00e1fico de usuarios que visitan una p\u00e1gina web y poder sacar un patr\u00f3n de los usuarios de un sitio.<br \/>Dispone de m\u00e1s informaci\u00f3n sobre los web beacons en: http:\/\/es.wikipedia.org\/wiki\/Web_bug<\/p>\n<p><b>Terceros<\/b><\/p>\n<p>En algunos casos, compartimos informaci\u00f3n sobre los visitantes de este sitio de forma an\u00f3nima o agregada con terceros como puedan ser anunciantes, patrocinadores o auditores con el \u00fanico fin de mejorar nuestros servicios. Todas estas tareas de procesamiento ser\u00e1n reguladas seg\u00fan las normas legales y se respetar\u00e1n todos sus derechos en materia de protecci\u00f3n de datos conforme a la regulaci\u00f3n vigente.<br \/>Este sitio mide el tr\u00e1fico con diferentes soluciones que pueden utilizar cookies o web beacons para analizar lo que sucede en nuestras p\u00e1ginas. Actualmente utilizamos las siguientes soluciones para la medici\u00f3n del tr\u00e1fico de este sitio. Puede ver m\u00e1s informaci\u00f3n sobre la pol\u00edtica de privacidad de cada una de las soluciones utilizadas para tal efecto:<\/p>\n<p>Google (Analytics): http:\/\/www.google.com\/intl\/es_ALL\/privacypolicy.html<br \/>Zopim: https:\/\/www.zopim.com\/privacy<br \/>Proceso de compra en www.scala.com.pe<\/p>\n<p>A continuaci\u00f3n se describen los procesos que intervienen en la compra a trav\u00e9s de www.scala.com.pe:<\/p>\n<ol>\n<li><strong style=\"color: var(--rz-text-color); font-family: var(--rz-font-family-primary);\">Registro de clientes:<br \/><\/strong>El cliente se registra llenando en un formulario sus datos personales y datos de contacto, d\u00e1ndose de alta en el sistema con un nombre de usuario y una clave determinada por \u00e9l mismo. Este proceso implica el env\u00edo de datos, el cual se realiza de forma segura mediante el empleo de un sistema avanzado de seguridad SSL (Secure Socket Layers). La mayor\u00eda de los navegadores existentes aceptan el SSL, pero ante cualquier duda dir\u00edjase a su proveedor de acceso a internet.<br \/>Al realizar una transacci\u00f3n que implique intercambio de informaci\u00f3n confidencial, se accede autom\u00e1ticamente a la zona segura del servidor, indicando el navegador esta circunstancia mediante la visualizaci\u00f3n de una URL del tipo https:\/\/www.scala.com.pe, y se visualiza en el navegador un icono en forma de candado cerrado.<br \/>A partir de este momento, cualquier env\u00edo de datos se realiza de forma totalmente segura.<\/li>\n<li><strong>Tus Compras.<\/strong><br \/>El cliente navega por nuestra tienda online agregando al Carrito de Compras aquellos productos que desee comprar.<\/li>\n<li><strong>Tramitaci\u00f3n del pedido.<\/strong><br \/>Una vez finalizado el proceso de selecci\u00f3n de productos, se pasa a la selecci\u00f3n de Env\u00edo y forma de pago para finalmente confirmar el pedido, en el que se solicita al cliente que se identifique en caso de que se hubiera registrado anteriormente o en caso contrario se le pide que se inscriba como nuevo usuario.<br \/>En el caso de que el cliente est\u00e9 registrado, sus datos personales ya est\u00e1n alojados en nuestro servidor seguro.<br \/>Esta etapa se realiza de forma totalmente segura al estar integrada dentro de un servidor seguro.\n<p><strong>Recomendaciones y Precauciones.<\/strong><br \/>Estas son algunas de las precauciones que aconsejamos deben de tomar nuestros clientes:<br \/>No facilitar a nadie el usuario, ni la contrase\u00f1a.<br \/>No anotar esta informaci\u00f3n en lugares de f\u00e1cil acceso: computadora, agenda, &#8230;.Utilizar siempre nuestro sistema de seguridad SSL.<br \/>Cerrar siempre la sesi\u00f3n del navegador con posterioridad de haber accedido a una zona de seguridad o de haber introducido al sistema el usuario o contrase\u00f1a.<\/li>\n<\/ol>\n","protected":false},"excerpt":{"rendered":"<p>POL\u00cdTICA DE PRIVACIDAD Nuestra pol\u00edtica de privacidad describe como recogemos, guardamos o utilizamos la informaci\u00f3n que recabamos a trav\u00e9s de los diferentes servicios o p\u00e1ginas disponibles en este sitio. Es importante que entienda que informaci\u00f3n recogemos y como la utilizamos ya que el acceso a este sitio implica la aceptaci\u00f3n nuestra pol\u00edtica de privacidad. Informaci\u00f3n [&hellip;]<\/p>\n","protected":false},"author":1,"featured_media":0,"parent":0,"menu_order":0,"comment_status":"closed","ping_status":"closed","template":"","meta":{"om_disable_all_campaigns":false,"_mi_skip_tracking":false,"footnotes":""},"_links":{"self":[{"href":"https:\/\/scala.com.pe\/index.php\/wp-json\/wp\/v2\/pages\/3"}],"collection":[{"href":"https:\/\/scala.com.pe\/index.php\/wp-json\/wp\/v2\/pages"}],"about":[{"href":"https:\/\/scala.com.pe\/index.php\/wp-json\/wp\/v2\/types\/page"}],"author":[{"embeddable":true,"href":"https:\/\/scala.com.pe\/index.php\/wp-json\/wp\/v2\/users\/1"}],"replies":[{"embeddable":true,"href":"https:\/\/scala.com.pe\/index.php\/wp-json\/wp\/v2\/comments?post=3"}],"version-history":[{"count":8,"href":"https:\/\/scala.com.pe\/index.php\/wp-json\/wp\/v2\/pages\/3\/revisions"}],"predecessor-version":[{"id":12350,"href":"https:\/\/scala.com.pe\/index.php\/wp-json\/wp\/v2\/pages\/3\/revisions\/12350"}],"wp:attachment":[{"href":"https:\/\/scala.com.pe\/index.php\/wp-json\/wp\/v2\/media?parent=3"}],"curies":[{"name":"wp","href":"https:\/\/api.w.org\/{rel}","templated":true}]}}