{"id":546,"date":"2020-10-13T02:48:45","date_gmt":"2020-10-13T02:48:45","guid":{"rendered":"http:\/\/localhost\/razzi\/?page_id=546"},"modified":"2023-01-17T18:31:19","modified_gmt":"2023-01-17T18:31:19","slug":"envios-y-tarifas","status":"publish","type":"page","link":"https:\/\/scala.com.pe\/index.php\/envios-y-tarifas\/","title":{"rendered":"Env\u00edos y Tarifas"},"content":{"rendered":"<p>Los env\u00edos son a nivel nacional sin ninguna restricci\u00f3n y el costo depender\u00e1 de la ciudad de destino. As\u00ed mismo todos los productos comprados en la tienda virtual de SCALA pueden ser recogidos en la tienda (Pisco) o en el almac\u00e9n central (Lima) sin costo alguno. Las tarifas que se muestran a continuaci\u00f3n son referenciales y pueden cambiar de acuerdo con las nuevas disposiciones de la empresa.<\/p>\n<style>\/*! elementor - v3.6.8 - 27-07-2022 *\/\n.elementor-heading-title{padding:0;margin:0;line-height:1}.elementor-widget-heading .elementor-heading-title[class*=elementor-size-]>a{color:inherit;font-size:inherit;line-height:inherit}.elementor-widget-heading .elementor-heading-title.elementor-size-small{font-size:15px}.elementor-widget-heading .elementor-heading-title.elementor-size-medium{font-size:19px}.elementor-widget-heading .elementor-heading-title.elementor-size-large{font-size:29px}.elementor-widget-heading .elementor-heading-title.elementor-size-xl{font-size:39px}.elementor-widget-heading .elementor-heading-title.elementor-size-xxl{font-size:59px}<\/style>\n<h4>Env\u00edos a nivel nacional<\/h4>\n<table style=\"height: 467px;\" width=\"237\">\n<thead>\n<tr>\n<th>Destinos<\/th>\n<th>Tiempo de entrega<\/th>\n<th>Tarifas<\/th>\n<\/tr>\n<\/thead>\n<tbody>\n<tr>\n<th>Lima<\/th>\n<td>1 \u2013 3 d\u00edas h\u00e1biles<\/td>\n<td>S\/. 10.00<\/td>\n<\/tr>\n<tr>\n<th>Otras Provincias<\/th>\n<td>5 \u2013 7 d\u00edas h\u00e1biles<\/td>\n<td>S\/. 15.00<\/td>\n<\/tr>\n<\/tbody>\n<\/table>\n<h4>Recojo en establecimiento<\/h4>\n<table style=\"height: 457px;\" width=\"1345\">\n<thead>\n<tr>\n<th><b>Establecimiento<\/b><\/th>\n<th><b>Horario<\/b><\/th>\n<th><b>Tarifa<\/b><\/th>\n<\/tr>\n<\/thead>\n<tbody>\n<tr>\n<th><b>Tienda Pisco:<\/b> Calle Comercio #193 &#8211; Pisco<\/th>\n<td>9:00 A.M. \u2013 10:00 P.M.<\/td>\n<td>SIN COSTO<\/td>\n<\/tr>\n<tr>\n<th><b>Central Lima:<\/b> Av. El Sol Mza. D1 Lote 1A \u2013 Urb. Las Vertientes de Lur\u00edn \u2013 Villa El Salvador<\/th>\n<td>8:00 A.M. \u2013 7:00 P.M.<\/td>\n<td>SIN COSTO<\/td>\n<\/tr>\n<\/tbody>\n<\/table>\n","protected":false},"excerpt":{"rendered":"<p>Los env\u00edos son a nivel nacional sin ninguna restricci\u00f3n y el costo depender\u00e1 de la ciudad de destino. As\u00ed mismo todos los productos comprados en la tienda virtual de SCALA pueden ser recogidos en la tienda (Pisco) o en el almac\u00e9n central (Lima) sin costo alguno. Las tarifas que se muestran a continuaci\u00f3n son referenciales [&hellip;]<\/p>\n","protected":false},"author":1,"featured_media":0,"parent":0,"menu_order":0,"comment_status":"closed","ping_status":"closed","template":"","meta":{"om_disable_all_campaigns":false,"_mi_skip_tracking":false,"footnotes":""},"_links":{"self":[{"href":"https:\/\/scala.com.pe\/index.php\/wp-json\/wp\/v2\/pages\/546"}],"collection":[{"href":"https:\/\/scala.com.pe\/index.php\/wp-json\/wp\/v2\/pages"}],"about":[{"href":"https:\/\/scala.com.pe\/index.php\/wp-json\/wp\/v2\/types\/page"}],"author":[{"embeddable":true,"href":"https:\/\/scala.com.pe\/index.php\/wp-json\/wp\/v2\/users\/1"}],"replies":[{"embeddable":true,"href":"https:\/\/scala.com.pe\/index.php\/wp-json\/wp\/v2\/comments?post=546"}],"version-history":[{"count":33,"href":"https:\/\/scala.com.pe\/index.php\/wp-json\/wp\/v2\/pages\/546\/revisions"}],"predecessor-version":[{"id":13566,"href":"https:\/\/scala.com.pe\/index.php\/wp-json\/wp\/v2\/pages\/546\/revisions\/13566"}],"wp:attachment":[{"href":"https:\/\/scala.com.pe\/index.php\/wp-json\/wp\/v2\/media?parent=546"}],"curies":[{"name":"wp","href":"https:\/\/api.w.org\/{rel}","templated":true}]}}