{"id":633,"date":"2020-10-13T09:00:26","date_gmt":"2020-10-13T09:00:26","guid":{"rendered":"http:\/\/localhost\/razzi\/?page_id=633"},"modified":"2023-01-24T05:08:49","modified_gmt":"2023-01-24T05:08:49","slug":"nosotros","status":"publish","type":"page","link":"https:\/\/scala.com.pe\/index.php\/nosotros\/","title":{"rendered":"Nosotros"},"content":{"rendered":"<style>\/*! elementor - v3.10.1 - 17-01-2023 *\/\n.elementor-heading-title{padding:0;margin:0;line-height:1}.elementor-widget-heading .elementor-heading-title[class*=elementor-size-]>a{color:inherit;font-size:inherit;line-height:inherit}.elementor-widget-heading .elementor-heading-title.elementor-size-small{font-size:15px}.elementor-widget-heading .elementor-heading-title.elementor-size-medium{font-size:19px}.elementor-widget-heading .elementor-heading-title.elementor-size-large{font-size:29px}.elementor-widget-heading .elementor-heading-title.elementor-size-xl{font-size:39px}.elementor-widget-heading .elementor-heading-title.elementor-size-xxl{font-size:59px}<\/style>\n<h2>TODOS TENEMOS UN ESTILO \u00daNICO<br \/>\n S\u00c9 T\u00da MISMO.<\/h2>\n<style>\/*! elementor - v3.10.1 - 17-01-2023 *\/\n.elementor-widget-image{text-align:center}.elementor-widget-image a{display:inline-block}.elementor-widget-image a img[src$=\".svg\"]{width:48px}.elementor-widget-image img{vertical-align:middle;display:inline-block}<\/style>\n<p>\t\t\t\t\t\t\t\t\t\t\t\t<img decoding=\"async\" width=\"570\" height=\"500\" src=\"https:\/\/scala.com.pe\/wp-content\/uploads\/2020\/12\/about-us-img1.jpg\" alt=\"\" loading=\"lazy\" srcset=\"https:\/\/scala.com.pe\/wp-content\/uploads\/2020\/12\/about-us-img1.jpg 570w, https:\/\/scala.com.pe\/wp-content\/uploads\/2020\/12\/about-us-img1-300x263.jpg 300w\" sizes=\"(max-width: 570px) 100vw, 570px\" \/>\t\t\t\t\t\t\t\t\t\t\t\t\t\t\t<\/p>\n<h6>Nuestra historia<\/h6>\n<h3>Acerca de Scala<\/h3>\n<p>Scala es una tienda de departamentos multimarca que busca llevar la mejor variedad y calidad de prendas de vestir para toda la familia. A trav\u00e9s de diferentes estilos y tendencias satisfacemos las mejores indumentarias para diversas generaciones. Seguiremos escalando para llevar la mejor atenci\u00f3n y lo mejor de la moda a nivel nacional siempre. <\/p>\n<h6>Quienes somos<\/h6>\n<h3>Nuestra Historia<\/h3>\n<p>Hace m\u00e1s de 20 a\u00f1os se abrieron las puertas de la primera tienda en la ciudad de Pisco. Ciudad que nos acogi\u00f3 con mucha amabilidad y confianza. Ciudad que nos permiti\u00f3 ser pioneros en el rubro de la moda desde aquella \u00e9poca. A pesar de las adversidades, el compromiso, la innovaci\u00f3n y el enfoque siempre se mantuvieron para brindar los mejores productos textiles para toda la familia. La Transparencia, Responsabilidad, Pasi\u00f3n e Integraci\u00f3n son los valores que siempre hemos transmitido a trav\u00e9s de todo el trabajo realizado por nuestro equipo de colaboradores.<\/p>\n<p>Hoy mantenemos ese esp\u00edritu innovador y vers\u00e1til que nos permite seguir trabajando con esfuerzo, creatividad y dedicaci\u00f3n para satisfacer a todas las generaciones con las mejores tendencias nacionales e internacionales.<\/p>\n<p>\t\t\t\t\t\t\t\t\t\t\t\t\t\t\t<img decoding=\"async\" width=\"570\" height=\"500\" src=\"https:\/\/scala.com.pe\/wp-content\/uploads\/2020\/12\/about-us-img2.jpg\" alt=\"\" loading=\"lazy\" srcset=\"https:\/\/scala.com.pe\/wp-content\/uploads\/2020\/12\/about-us-img2.jpg 570w, https:\/\/scala.com.pe\/wp-content\/uploads\/2020\/12\/about-us-img2-300x263.jpg 300w\" sizes=\"(max-width: 570px) 100vw, 570px\" \/>\t\t\t\t\t\t\t\t\t\t\t\t\t\t\t<\/p>\n<p>Comprar una prenda ya no solo es un comportamiento que busca el placer, <br \/>La mejora est\u00e9tica de la persona o un posicionamiento social y cultural;<br \/>Es defender un conjunto de valores que tenga un sentido para uno mismo y para el mundo en general y as\u00ed ayudar a mejorar el presente y preparar un mejor futuro.<\/p>\n<p>\t\t\t\t\t\t\t\t\t\t\t\t\t\t\t<img decoding=\"async\" width=\"470\" height=\"540\" src=\"https:\/\/scala.com.pe\/wp-content\/uploads\/2020\/12\/about-us-img3.jpg\" alt=\"\" loading=\"lazy\" srcset=\"https:\/\/scala.com.pe\/wp-content\/uploads\/2020\/12\/about-us-img3.jpg 470w, https:\/\/scala.com.pe\/wp-content\/uploads\/2020\/12\/about-us-img3-261x300.jpg 261w\" sizes=\"(max-width: 470px) 100vw, 470px\" \/><br \/>\n\t\t\t\t\t\t\t\t\t\t\t\t\t\t\t<img decoding=\"async\" width=\"470\" height=\"340\" src=\"https:\/\/scala.com.pe\/wp-content\/uploads\/2020\/12\/about-us-img5.jpg\" alt=\"\" loading=\"lazy\" srcset=\"https:\/\/scala.com.pe\/wp-content\/uploads\/2020\/12\/about-us-img5.jpg 470w, https:\/\/scala.com.pe\/wp-content\/uploads\/2020\/12\/about-us-img5-300x217.jpg 300w\" sizes=\"(max-width: 470px) 100vw, 470px\" \/><br \/>\n\t\t\t\t\t\t\t\t\t\t\t\t\t\t\t<img decoding=\"async\" width=\"470\" height=\"340\" src=\"https:\/\/scala.com.pe\/wp-content\/uploads\/2020\/12\/about-us-img4.jpg\" alt=\"\" loading=\"lazy\" srcset=\"https:\/\/scala.com.pe\/wp-content\/uploads\/2020\/12\/about-us-img4.jpg 470w, https:\/\/scala.com.pe\/wp-content\/uploads\/2020\/12\/about-us-img4-300x217.jpg 300w\" sizes=\"(max-width: 470px) 100vw, 470px\" \/><br \/>\n\t\t\t\t\t\t\t\t\t\t\t\t\t\t\t<img decoding=\"async\" width=\"470\" height=\"540\" src=\"https:\/\/scala.com.pe\/wp-content\/uploads\/2020\/12\/about-us-img6.jpg\" alt=\"\" loading=\"lazy\" srcset=\"https:\/\/scala.com.pe\/wp-content\/uploads\/2020\/12\/about-us-img6.jpg 470w, https:\/\/scala.com.pe\/wp-content\/uploads\/2020\/12\/about-us-img6-261x300.jpg 261w\" sizes=\"(max-width: 470px) 100vw, 470px\" \/><br \/>\n\t\t\t\t<img decoding=\"async\" src=\"https:\/\/demo4.drfuri.com\/media\/razzi\/truck3.svg\" alt=\"Envi\u00f3 Gratis\" \/><br \/>\n\t\t\t\t\t\tEnvi\u00f3 Gratis\t\t\t\t\t<\/p>\n<p>\n\t\t\t\t\t\tA partir de S\/149\t\t\t\t\t<\/p>\n<p>\t\t\t\t<img decoding=\"async\" src=\"https:\/\/demo4.drfuri.com\/media\/razzi\/money.svg\" alt=\"Devoluciones Gratis\" \/><br \/>\n\t\t\t\t\t\tDevoluciones Gratis\t\t\t\t\t<\/p>\n<p>\n\t\t\t\t\t\tEn 30 d\u00edas\t\t\t\t\t<\/p>\n<p>\t\t\t\t<img decoding=\"async\" src=\"https:\/\/demo4.drfuri.com\/media\/razzi\/box.svg\" alt=\"Compras Seguras\" \/><br \/>\n\t\t\t\t\t\tCompras Seguras\t\t\t\t\t<\/p>\n<p>\n\t\t\t\t\t\tEstas en buenas manos\t\t\t\t\t<\/p>\n<p>\t\t\t\t<img decoding=\"async\" src=\"https:\/\/demo4.drfuri.com\/media\/razzi\/like.svg\" alt=\"M\u00e1s de 10,000 estilos\" \/><br \/>\n\t\t\t\t\t\tM\u00e1s de 10,000 estilos\t\t\t\t\t<\/p>\n<p>\n\t\t\t\t\t\tTenemos lo que necesitas\t\t\t\t\t<\/p>\n","protected":false},"excerpt":{"rendered":"<p>TODOS TENEMOS UN ESTILO \u00daNICO S\u00c9 T\u00da MISMO. Nuestra historia Acerca de Scala Scala es una tienda de departamentos multimarca que busca llevar la mejor variedad y calidad de prendas de vestir para toda la familia. A trav\u00e9s de diferentes estilos y tendencias satisfacemos las mejores indumentarias para diversas generaciones. Seguiremos escalando para llevar la [&hellip;]<\/p>\n","protected":false},"author":1,"featured_media":0,"parent":0,"menu_order":0,"comment_status":"closed","ping_status":"closed","template":"","meta":{"om_disable_all_campaigns":false,"_mi_skip_tracking":false,"footnotes":""},"_links":{"self":[{"href":"https:\/\/scala.com.pe\/index.php\/wp-json\/wp\/v2\/pages\/633"}],"collection":[{"href":"https:\/\/scala.com.pe\/index.php\/wp-json\/wp\/v2\/pages"}],"about":[{"href":"https:\/\/scala.com.pe\/index.php\/wp-json\/wp\/v2\/types\/page"}],"author":[{"embeddable":true,"href":"https:\/\/scala.com.pe\/index.php\/wp-json\/wp\/v2\/users\/1"}],"replies":[{"embeddable":true,"href":"https:\/\/scala.com.pe\/index.php\/wp-json\/wp\/v2\/comments?post=633"}],"version-history":[{"count":55,"href":"https:\/\/scala.com.pe\/index.php\/wp-json\/wp\/v2\/pages\/633\/revisions"}],"predecessor-version":[{"id":13645,"href":"https:\/\/scala.com.pe\/index.php\/wp-json\/wp\/v2\/pages\/633\/revisions\/13645"}],"wp:attachment":[{"href":"https:\/\/scala.com.pe\/index.php\/wp-json\/wp\/v2\/media?parent=633"}],"curies":[{"name":"wp","href":"https:\/\/api.w.org\/{rel}","templated":true}]}}