{"id":14682,"date":"2023-08-20T03:57:35","date_gmt":"2023-08-20T03:57:35","guid":{"rendered":"https:\/\/scala.com.pe\/index.php\/product\/adidas-run-70s-2\/"},"modified":"2023-08-20T04:36:46","modified_gmt":"2023-08-20T04:36:46","slug":"adidas-run-70s-2","status":"publish","type":"product","link":"https:\/\/scala.com.pe\/index.php\/product\/adidas-run-70s-2\/","title":{"rendered":"Adidas Run 70s"},"content":{"rendered":"","protected":false},"excerpt":{"rendered":"<p>Estilo retro con un toque actual. Estas zapatillas adidas presentan un dise\u00f1o deportivo cl\u00e1sico que garantiza la m\u00e1xima comodidad.<\/p>\n","protected":false},"featured_media":14521,"comment_status":"open","ping_status":"closed","template":"","meta":{"om_disable_all_campaigns":false,"_mi_skip_tracking":false},"product_cat":[186,177,236],"product_tag":[286,265,288,287],"_links":{"self":[{"href":"https:\/\/scala.com.pe\/index.php\/wp-json\/wp\/v2\/product\/14682"}],"collection":[{"href":"https:\/\/scala.com.pe\/index.php\/wp-json\/wp\/v2\/product"}],"about":[{"href":"https:\/\/scala.com.pe\/index.php\/wp-json\/wp\/v2\/types\/product"}],"replies":[{"embeddable":true,"href":"https:\/\/scala.com.pe\/index.php\/wp-json\/wp\/v2\/comments?post=14682"}],"wp:featuredmedia":[{"embeddable":true,"href":"https:\/\/scala.com.pe\/index.php\/wp-json\/wp\/v2\/media\/14521"}],"wp:attachment":[{"href":"https:\/\/scala.com.pe\/index.php\/wp-json\/wp\/v2\/media?parent=14682"}],"wp:term":[{"taxonomy":"product_cat","embeddable":true,"href":"https:\/\/scala.com.pe\/index.php\/wp-json\/wp\/v2\/product_cat?post=14682"},{"taxonomy":"product_tag","embeddable":true,"href":"https:\/\/scala.com.pe\/index.php\/wp-json\/wp\/v2\/product_tag?post=14682"}],"curies":[{"name":"wp","href":"https:\/\/api.w.org\/{rel}","templated":true}]}}